{"id":5628,"date":"2025-06-24T20:28:15","date_gmt":"2025-06-24T20:28:15","guid":{"rendered":"https:\/\/goodfood.hr\/product\/odrezak-sve-moguci\/"},"modified":"2025-08-08T20:14:30","modified_gmt":"2025-08-08T20:14:30","slug":"odrezak-sve-moguci","status":"publish","type":"product","link":"https:\/\/goodfood.hr\/hr\/proizvod\/odrezak-sve-moguci\/","title":{"rendered":"STEAK ALL MIGHTY"},"content":{"rendered":"<p>govedina, zelena salata, kupus, cikla, rikola, cherry<br \/>\nraj\u010dice, bijeli sir, bademi, brusnica, naran\u010da, <strong>dressing za odrezak<\/strong><br \/>\n<br \/><em>* Sadr\u017ei: mlije\u010dne proizvode i ora\u0161aste plodove<\/em><\/p>\n","protected":false},"excerpt":{"rendered":"<p>govedina, zelena salata, kupus, cikla, rikola, cherry raj\u010dice, bijeli sir, bademi, brusnica, naran\u010da, dressing za odrezak * Sadr\u017ei: mlije\u010dne proizvode i ora\u0161aste plodove<\/p>\n","protected":false},"featured_media":5435,"template":"","meta":{"_acf_changed":false,"inline_featured_image":false},"product_brand":[],"product_cat":[109],"product_tag":[],"class_list":{"0":"post-5628","1":"product","2":"type-product","3":"status-publish","4":"has-post-thumbnail","6":"product_cat-salate","7":"nt-post-class","8":"","9":"masonry-item","10":"col-lg-6","14":"excerpt-none","18":"first","19":"instock","20":"shipping-taxable","21":"product-type-simple","22":"add-to-wishlist-after_add_to_cart"},"acf":[],"yoast_head":"<!-- This site is optimized with the Yoast SEO plugin v25.6 - https:\/\/yoast.com\/wordpress\/plugins\/seo\/ -->\n<title>STEAK ALL MIGHTY - Good Food<\/title>\n<meta name=\"robots\" content=\"index, follow, max-snippet:-1, max-image-preview:large, max-video-preview:-1\" \/>\n<link rel=\"canonical\" href=\"https:\/\/goodfood.hr\/hr\/proizvod\/odrezak-sve-moguci\/\" \/>\n<meta property=\"og:locale\" content=\"hr_HR\" \/>\n<meta property=\"og:type\" content=\"article\" \/>\n<meta property=\"og:title\" content=\"STEAK ALL MIGHTY - Good Food\" \/>\n<meta property=\"og:description\" content=\"govedina, zelena salata, kupus, cikla, rikola, cherry raj\u010dice, bijeli sir, bademi, brusnica, naran\u010da, dressing za odrezak * Sadr\u017ei: mlije\u010dne proizvode i ora\u0161aste plodove\" \/>\n<meta property=\"og:url\" content=\"https:\/\/goodfood.hr\/hr\/proizvod\/odrezak-sve-moguci\/\" \/>\n<meta property=\"og:site_name\" content=\"Good Food\" \/>\n<meta property=\"article:modified_time\" content=\"2025-08-08T20:14:30+00:00\" \/>\n<meta property=\"og:image\" content=\"https:\/\/goodfood.hr\/wp-content\/uploads\/2025\/06\/bb935f531f43c0e56d9e35337630cbc0-xxlarge.jpg\" \/>\n\t<meta property=\"og:image:width\" content=\"1600\" \/>\n\t<meta property=\"og:image:height\" content=\"1067\" \/>\n\t<meta property=\"og:image:type\" content=\"image\/jpeg\" \/>\n<meta name=\"twitter:card\" content=\"summary_large_image\" \/>\n<script type=\"application\/ld+json\" class=\"yoast-schema-graph\">{\"@context\":\"https:\/\/schema.org\",\"@graph\":[{\"@type\":\"WebPage\",\"@id\":\"https:\/\/goodfood.hr\/hr\/proizvod\/odrezak-sve-moguci\/\",\"url\":\"https:\/\/goodfood.hr\/hr\/proizvod\/odrezak-sve-moguci\/\",\"name\":\"STEAK ALL MIGHTY - Good Food\",\"isPartOf\":{\"@id\":\"https:\/\/goodfood.hr\/hr\/#website\"},\"primaryImageOfPage\":{\"@id\":\"https:\/\/goodfood.hr\/hr\/proizvod\/odrezak-sve-moguci\/#primaryimage\"},\"image\":{\"@id\":\"https:\/\/goodfood.hr\/hr\/proizvod\/odrezak-sve-moguci\/#primaryimage\"},\"thumbnailUrl\":\"https:\/\/goodfood.hr\/wp-content\/uploads\/2025\/06\/bb935f531f43c0e56d9e35337630cbc0-xxlarge.jpg\",\"datePublished\":\"2025-06-24T20:28:15+00:00\",\"dateModified\":\"2025-08-08T20:14:30+00:00\",\"breadcrumb\":{\"@id\":\"https:\/\/goodfood.hr\/hr\/proizvod\/odrezak-sve-moguci\/#breadcrumb\"},\"inLanguage\":\"hr\",\"potentialAction\":[{\"@type\":\"ReadAction\",\"target\":[\"https:\/\/goodfood.hr\/hr\/proizvod\/odrezak-sve-moguci\/\"]}]},{\"@type\":\"ImageObject\",\"inLanguage\":\"hr\",\"@id\":\"https:\/\/goodfood.hr\/hr\/proizvod\/odrezak-sve-moguci\/#primaryimage\",\"url\":\"https:\/\/goodfood.hr\/wp-content\/uploads\/2025\/06\/bb935f531f43c0e56d9e35337630cbc0-xxlarge.jpg\",\"contentUrl\":\"https:\/\/goodfood.hr\/wp-content\/uploads\/2025\/06\/bb935f531f43c0e56d9e35337630cbc0-xxlarge.jpg\",\"width\":1600,\"height\":1067},{\"@type\":\"BreadcrumbList\",\"@id\":\"https:\/\/goodfood.hr\/hr\/proizvod\/odrezak-sve-moguci\/#breadcrumb\",\"itemListElement\":[{\"@type\":\"ListItem\",\"position\":1,\"name\":\"Home\",\"item\":\"https:\/\/goodfood.hr\/hr\/pocetna\/\"},{\"@type\":\"ListItem\",\"position\":2,\"name\":\"Trgovina\",\"item\":\"https:\/\/goodfood.hr\/hr\/trgovina\/\"},{\"@type\":\"ListItem\",\"position\":3,\"name\":\"STEAK ALL MIGHTY\"}]},{\"@type\":\"WebSite\",\"@id\":\"https:\/\/goodfood.hr\/hr\/#website\",\"url\":\"https:\/\/goodfood.hr\/hr\/\",\"name\":\"Good Food\",\"description\":\"Good Food for Good People\",\"publisher\":{\"@id\":\"https:\/\/goodfood.hr\/hr\/#organization\"},\"potentialAction\":[{\"@type\":\"SearchAction\",\"target\":{\"@type\":\"EntryPoint\",\"urlTemplate\":\"https:\/\/goodfood.hr\/hr\/?s={search_term_string}\"},\"query-input\":{\"@type\":\"PropertyValueSpecification\",\"valueRequired\":true,\"valueName\":\"search_term_string\"}}],\"inLanguage\":\"hr\"},{\"@type\":\"Organization\",\"@id\":\"https:\/\/goodfood.hr\/hr\/#organization\",\"name\":\"Good Food\",\"url\":\"https:\/\/goodfood.hr\/hr\/\",\"logo\":{\"@type\":\"ImageObject\",\"inLanguage\":\"hr\",\"@id\":\"https:\/\/goodfood.hr\/hr\/#\/schema\/logo\/image\/\",\"url\":\"https:\/\/goodfood.hr\/wp-content\/uploads\/2025\/06\/GoodFoof-logo.svg\",\"contentUrl\":\"https:\/\/goodfood.hr\/wp-content\/uploads\/2025\/06\/GoodFoof-logo.svg\",\"width\":340,\"height\":340,\"caption\":\"Good Food\"},\"image\":{\"@id\":\"https:\/\/goodfood.hr\/hr\/#\/schema\/logo\/image\/\"}}]}<\/script>\n<!-- \/ Yoast SEO plugin. -->","yoast_head_json":{"title":"STEAK ALL MIGHTY - Good Food","robots":{"index":"index","follow":"follow","max-snippet":"max-snippet:-1","max-image-preview":"max-image-preview:large","max-video-preview":"max-video-preview:-1"},"canonical":"https:\/\/goodfood.hr\/hr\/proizvod\/odrezak-sve-moguci\/","og_locale":"hr_HR","og_type":"article","og_title":"STEAK ALL MIGHTY - Good Food","og_description":"govedina, zelena salata, kupus, cikla, rikola, cherry raj\u010dice, bijeli sir, bademi, brusnica, naran\u010da, dressing za odrezak * Sadr\u017ei: mlije\u010dne proizvode i ora\u0161aste plodove","og_url":"https:\/\/goodfood.hr\/hr\/proizvod\/odrezak-sve-moguci\/","og_site_name":"Good Food","article_modified_time":"2025-08-08T20:14:30+00:00","og_image":[{"width":1600,"height":1067,"url":"https:\/\/goodfood.hr\/wp-content\/uploads\/2025\/06\/bb935f531f43c0e56d9e35337630cbc0-xxlarge.jpg","type":"image\/jpeg"}],"twitter_card":"summary_large_image","schema":{"@context":"https:\/\/schema.org","@graph":[{"@type":"WebPage","@id":"https:\/\/goodfood.hr\/hr\/proizvod\/odrezak-sve-moguci\/","url":"https:\/\/goodfood.hr\/hr\/proizvod\/odrezak-sve-moguci\/","name":"STEAK ALL MIGHTY - Good Food","isPartOf":{"@id":"https:\/\/goodfood.hr\/hr\/#website"},"primaryImageOfPage":{"@id":"https:\/\/goodfood.hr\/hr\/proizvod\/odrezak-sve-moguci\/#primaryimage"},"image":{"@id":"https:\/\/goodfood.hr\/hr\/proizvod\/odrezak-sve-moguci\/#primaryimage"},"thumbnailUrl":"https:\/\/goodfood.hr\/wp-content\/uploads\/2025\/06\/bb935f531f43c0e56d9e35337630cbc0-xxlarge.jpg","datePublished":"2025-06-24T20:28:15+00:00","dateModified":"2025-08-08T20:14:30+00:00","breadcrumb":{"@id":"https:\/\/goodfood.hr\/hr\/proizvod\/odrezak-sve-moguci\/#breadcrumb"},"inLanguage":"hr","potentialAction":[{"@type":"ReadAction","target":["https:\/\/goodfood.hr\/hr\/proizvod\/odrezak-sve-moguci\/"]}]},{"@type":"ImageObject","inLanguage":"hr","@id":"https:\/\/goodfood.hr\/hr\/proizvod\/odrezak-sve-moguci\/#primaryimage","url":"https:\/\/goodfood.hr\/wp-content\/uploads\/2025\/06\/bb935f531f43c0e56d9e35337630cbc0-xxlarge.jpg","contentUrl":"https:\/\/goodfood.hr\/wp-content\/uploads\/2025\/06\/bb935f531f43c0e56d9e35337630cbc0-xxlarge.jpg","width":1600,"height":1067},{"@type":"BreadcrumbList","@id":"https:\/\/goodfood.hr\/hr\/proizvod\/odrezak-sve-moguci\/#breadcrumb","itemListElement":[{"@type":"ListItem","position":1,"name":"Home","item":"https:\/\/goodfood.hr\/hr\/pocetna\/"},{"@type":"ListItem","position":2,"name":"Trgovina","item":"https:\/\/goodfood.hr\/hr\/trgovina\/"},{"@type":"ListItem","position":3,"name":"STEAK ALL MIGHTY"}]},{"@type":"WebSite","@id":"https:\/\/goodfood.hr\/hr\/#website","url":"https:\/\/goodfood.hr\/hr\/","name":"Good Food","description":"Good Food for Good People","publisher":{"@id":"https:\/\/goodfood.hr\/hr\/#organization"},"potentialAction":[{"@type":"SearchAction","target":{"@type":"EntryPoint","urlTemplate":"https:\/\/goodfood.hr\/hr\/?s={search_term_string}"},"query-input":{"@type":"PropertyValueSpecification","valueRequired":true,"valueName":"search_term_string"}}],"inLanguage":"hr"},{"@type":"Organization","@id":"https:\/\/goodfood.hr\/hr\/#organization","name":"Good Food","url":"https:\/\/goodfood.hr\/hr\/","logo":{"@type":"ImageObject","inLanguage":"hr","@id":"https:\/\/goodfood.hr\/hr\/#\/schema\/logo\/image\/","url":"https:\/\/goodfood.hr\/wp-content\/uploads\/2025\/06\/GoodFoof-logo.svg","contentUrl":"https:\/\/goodfood.hr\/wp-content\/uploads\/2025\/06\/GoodFoof-logo.svg","width":340,"height":340,"caption":"Good Food"},"image":{"@id":"https:\/\/goodfood.hr\/hr\/#\/schema\/logo\/image\/"}}]}},"_links":{"self":[{"href":"https:\/\/goodfood.hr\/hr\/wp-json\/wp\/v2\/product\/5628","targetHints":{"allow":["GET"]}}],"collection":[{"href":"https:\/\/goodfood.hr\/hr\/wp-json\/wp\/v2\/product"}],"about":[{"href":"https:\/\/goodfood.hr\/hr\/wp-json\/wp\/v2\/types\/product"}],"wp:featuredmedia":[{"embeddable":true,"href":"https:\/\/goodfood.hr\/hr\/wp-json\/wp\/v2\/media\/5435"}],"wp:attachment":[{"href":"https:\/\/goodfood.hr\/hr\/wp-json\/wp\/v2\/media?parent=5628"}],"wp:term":[{"taxonomy":"product_brand","embeddable":true,"href":"https:\/\/goodfood.hr\/hr\/wp-json\/wp\/v2\/product_brand?post=5628"},{"taxonomy":"product_cat","embeddable":true,"href":"https:\/\/goodfood.hr\/hr\/wp-json\/wp\/v2\/product_cat?post=5628"},{"taxonomy":"product_tag","embeddable":true,"href":"https:\/\/goodfood.hr\/hr\/wp-json\/wp\/v2\/product_tag?post=5628"}],"curies":[{"name":"wp","href":"https:\/\/api.w.org\/{rel}","templated":true}]}}