{"id":5624,"date":"2025-06-24T20:25:03","date_gmt":"2025-06-24T20:25:03","guid":{"rendered":"https:\/\/goodfood.hr\/product\/simply-caesar\/"},"modified":"2025-08-08T20:15:45","modified_gmt":"2025-08-08T20:15:45","slug":"simply-caesar","status":"publish","type":"product","link":"https:\/\/goodfood.hr\/hr\/proizvod\/simply-caesar\/","title":{"rendered":"SIMPLY CAESAR"},"content":{"rendered":"<p>piletina, zelena salata, iceberg salata, rimska salata, cherry<br \/>\nraj\u010dice, slanina, sir Grana Padano, krutoni, <strong>cezar dresing<\/strong><\/p>\n<p><em>* Sadr\u017ei: gluten, mlije\u010dne proizvode, jaja i ribu<\/em><\/p>\n","protected":false},"excerpt":{"rendered":"<p>piletina, zelena salata, iceberg salata, rimska salata, cherry raj\u010dice, slanina, sir Grana Padano, krutoni, cezar dresing * Sadr\u017ei: gluten, mlije\u010dne proizvode, jaja i ribu<\/p>\n","protected":false},"featured_media":5433,"template":"","meta":{"_acf_changed":false,"inline_featured_image":false},"product_brand":[],"product_cat":[109],"product_tag":[],"class_list":{"0":"post-5624","1":"product","2":"type-product","3":"status-publish","4":"has-post-thumbnail","6":"product_cat-salate","7":"nt-post-class","8":"","9":"masonry-item","10":"col-lg-6","14":"excerpt-none","18":"first","19":"instock","20":"shipping-taxable","21":"product-type-simple","22":"add-to-wishlist-after_add_to_cart"},"acf":[],"yoast_head":"<!-- This site is optimized with the Yoast SEO plugin v25.6 - https:\/\/yoast.com\/wordpress\/plugins\/seo\/ -->\n<title>SIMPLY CAESAR - Good Food<\/title>\n<meta name=\"robots\" content=\"index, follow, max-snippet:-1, max-image-preview:large, max-video-preview:-1\" \/>\n<link rel=\"canonical\" href=\"https:\/\/goodfood.hr\/hr\/proizvod\/simply-caesar\/\" \/>\n<meta property=\"og:locale\" content=\"hr_HR\" \/>\n<meta property=\"og:type\" content=\"article\" \/>\n<meta property=\"og:title\" content=\"SIMPLY CAESAR - Good Food\" \/>\n<meta property=\"og:description\" content=\"piletina, zelena salata, iceberg salata, rimska salata, cherry raj\u010dice, slanina, sir Grana Padano, krutoni, cezar dresing * Sadr\u017ei: gluten, mlije\u010dne proizvode, jaja i ribu\" \/>\n<meta property=\"og:url\" content=\"https:\/\/goodfood.hr\/hr\/proizvod\/simply-caesar\/\" \/>\n<meta property=\"og:site_name\" content=\"Good Food\" \/>\n<meta property=\"article:modified_time\" content=\"2025-08-08T20:15:45+00:00\" \/>\n<meta property=\"og:image\" content=\"https:\/\/goodfood.hr\/wp-content\/uploads\/2025\/06\/13df37ea6cd18118b156403458e662fc-xxlarge.jpg\" \/>\n\t<meta property=\"og:image:width\" content=\"1600\" \/>\n\t<meta property=\"og:image:height\" content=\"1067\" \/>\n\t<meta property=\"og:image:type\" content=\"image\/jpeg\" \/>\n<meta name=\"twitter:card\" content=\"summary_large_image\" \/>\n<script type=\"application\/ld+json\" class=\"yoast-schema-graph\">{\"@context\":\"https:\/\/schema.org\",\"@graph\":[{\"@type\":\"WebPage\",\"@id\":\"https:\/\/goodfood.hr\/hr\/proizvod\/simply-caesar\/\",\"url\":\"https:\/\/goodfood.hr\/hr\/proizvod\/simply-caesar\/\",\"name\":\"SIMPLY CAESAR - Good Food\",\"isPartOf\":{\"@id\":\"https:\/\/goodfood.hr\/hr\/#website\"},\"primaryImageOfPage\":{\"@id\":\"https:\/\/goodfood.hr\/hr\/proizvod\/simply-caesar\/#primaryimage\"},\"image\":{\"@id\":\"https:\/\/goodfood.hr\/hr\/proizvod\/simply-caesar\/#primaryimage\"},\"thumbnailUrl\":\"https:\/\/goodfood.hr\/wp-content\/uploads\/2025\/06\/13df37ea6cd18118b156403458e662fc-xxlarge.jpg\",\"datePublished\":\"2025-06-24T20:25:03+00:00\",\"dateModified\":\"2025-08-08T20:15:45+00:00\",\"breadcrumb\":{\"@id\":\"https:\/\/goodfood.hr\/hr\/proizvod\/simply-caesar\/#breadcrumb\"},\"inLanguage\":\"hr\",\"potentialAction\":[{\"@type\":\"ReadAction\",\"target\":[\"https:\/\/goodfood.hr\/hr\/proizvod\/simply-caesar\/\"]}]},{\"@type\":\"ImageObject\",\"inLanguage\":\"hr\",\"@id\":\"https:\/\/goodfood.hr\/hr\/proizvod\/simply-caesar\/#primaryimage\",\"url\":\"https:\/\/goodfood.hr\/wp-content\/uploads\/2025\/06\/13df37ea6cd18118b156403458e662fc-xxlarge.jpg\",\"contentUrl\":\"https:\/\/goodfood.hr\/wp-content\/uploads\/2025\/06\/13df37ea6cd18118b156403458e662fc-xxlarge.jpg\",\"width\":1600,\"height\":1067},{\"@type\":\"BreadcrumbList\",\"@id\":\"https:\/\/goodfood.hr\/hr\/proizvod\/simply-caesar\/#breadcrumb\",\"itemListElement\":[{\"@type\":\"ListItem\",\"position\":1,\"name\":\"Home\",\"item\":\"https:\/\/goodfood.hr\/hr\/pocetna\/\"},{\"@type\":\"ListItem\",\"position\":2,\"name\":\"Trgovina\",\"item\":\"https:\/\/goodfood.hr\/hr\/trgovina\/\"},{\"@type\":\"ListItem\",\"position\":3,\"name\":\"SIMPLY CAESAR\"}]},{\"@type\":\"WebSite\",\"@id\":\"https:\/\/goodfood.hr\/hr\/#website\",\"url\":\"https:\/\/goodfood.hr\/hr\/\",\"name\":\"Good Food\",\"description\":\"Good Food for Good People\",\"publisher\":{\"@id\":\"https:\/\/goodfood.hr\/hr\/#organization\"},\"potentialAction\":[{\"@type\":\"SearchAction\",\"target\":{\"@type\":\"EntryPoint\",\"urlTemplate\":\"https:\/\/goodfood.hr\/hr\/?s={search_term_string}\"},\"query-input\":{\"@type\":\"PropertyValueSpecification\",\"valueRequired\":true,\"valueName\":\"search_term_string\"}}],\"inLanguage\":\"hr\"},{\"@type\":\"Organization\",\"@id\":\"https:\/\/goodfood.hr\/hr\/#organization\",\"name\":\"Good Food\",\"url\":\"https:\/\/goodfood.hr\/hr\/\",\"logo\":{\"@type\":\"ImageObject\",\"inLanguage\":\"hr\",\"@id\":\"https:\/\/goodfood.hr\/hr\/#\/schema\/logo\/image\/\",\"url\":\"https:\/\/goodfood.hr\/wp-content\/uploads\/2025\/06\/GoodFoof-logo.svg\",\"contentUrl\":\"https:\/\/goodfood.hr\/wp-content\/uploads\/2025\/06\/GoodFoof-logo.svg\",\"width\":340,\"height\":340,\"caption\":\"Good Food\"},\"image\":{\"@id\":\"https:\/\/goodfood.hr\/hr\/#\/schema\/logo\/image\/\"}}]}<\/script>\n<!-- \/ Yoast SEO plugin. -->","yoast_head_json":{"title":"SIMPLY CAESAR - Good Food","robots":{"index":"index","follow":"follow","max-snippet":"max-snippet:-1","max-image-preview":"max-image-preview:large","max-video-preview":"max-video-preview:-1"},"canonical":"https:\/\/goodfood.hr\/hr\/proizvod\/simply-caesar\/","og_locale":"hr_HR","og_type":"article","og_title":"SIMPLY CAESAR - Good Food","og_description":"piletina, zelena salata, iceberg salata, rimska salata, cherry raj\u010dice, slanina, sir Grana Padano, krutoni, cezar dresing * Sadr\u017ei: gluten, mlije\u010dne proizvode, jaja i ribu","og_url":"https:\/\/goodfood.hr\/hr\/proizvod\/simply-caesar\/","og_site_name":"Good Food","article_modified_time":"2025-08-08T20:15:45+00:00","og_image":[{"width":1600,"height":1067,"url":"https:\/\/goodfood.hr\/wp-content\/uploads\/2025\/06\/13df37ea6cd18118b156403458e662fc-xxlarge.jpg","type":"image\/jpeg"}],"twitter_card":"summary_large_image","schema":{"@context":"https:\/\/schema.org","@graph":[{"@type":"WebPage","@id":"https:\/\/goodfood.hr\/hr\/proizvod\/simply-caesar\/","url":"https:\/\/goodfood.hr\/hr\/proizvod\/simply-caesar\/","name":"SIMPLY CAESAR - Good Food","isPartOf":{"@id":"https:\/\/goodfood.hr\/hr\/#website"},"primaryImageOfPage":{"@id":"https:\/\/goodfood.hr\/hr\/proizvod\/simply-caesar\/#primaryimage"},"image":{"@id":"https:\/\/goodfood.hr\/hr\/proizvod\/simply-caesar\/#primaryimage"},"thumbnailUrl":"https:\/\/goodfood.hr\/wp-content\/uploads\/2025\/06\/13df37ea6cd18118b156403458e662fc-xxlarge.jpg","datePublished":"2025-06-24T20:25:03+00:00","dateModified":"2025-08-08T20:15:45+00:00","breadcrumb":{"@id":"https:\/\/goodfood.hr\/hr\/proizvod\/simply-caesar\/#breadcrumb"},"inLanguage":"hr","potentialAction":[{"@type":"ReadAction","target":["https:\/\/goodfood.hr\/hr\/proizvod\/simply-caesar\/"]}]},{"@type":"ImageObject","inLanguage":"hr","@id":"https:\/\/goodfood.hr\/hr\/proizvod\/simply-caesar\/#primaryimage","url":"https:\/\/goodfood.hr\/wp-content\/uploads\/2025\/06\/13df37ea6cd18118b156403458e662fc-xxlarge.jpg","contentUrl":"https:\/\/goodfood.hr\/wp-content\/uploads\/2025\/06\/13df37ea6cd18118b156403458e662fc-xxlarge.jpg","width":1600,"height":1067},{"@type":"BreadcrumbList","@id":"https:\/\/goodfood.hr\/hr\/proizvod\/simply-caesar\/#breadcrumb","itemListElement":[{"@type":"ListItem","position":1,"name":"Home","item":"https:\/\/goodfood.hr\/hr\/pocetna\/"},{"@type":"ListItem","position":2,"name":"Trgovina","item":"https:\/\/goodfood.hr\/hr\/trgovina\/"},{"@type":"ListItem","position":3,"name":"SIMPLY CAESAR"}]},{"@type":"WebSite","@id":"https:\/\/goodfood.hr\/hr\/#website","url":"https:\/\/goodfood.hr\/hr\/","name":"Good Food","description":"Good Food for Good People","publisher":{"@id":"https:\/\/goodfood.hr\/hr\/#organization"},"potentialAction":[{"@type":"SearchAction","target":{"@type":"EntryPoint","urlTemplate":"https:\/\/goodfood.hr\/hr\/?s={search_term_string}"},"query-input":{"@type":"PropertyValueSpecification","valueRequired":true,"valueName":"search_term_string"}}],"inLanguage":"hr"},{"@type":"Organization","@id":"https:\/\/goodfood.hr\/hr\/#organization","name":"Good Food","url":"https:\/\/goodfood.hr\/hr\/","logo":{"@type":"ImageObject","inLanguage":"hr","@id":"https:\/\/goodfood.hr\/hr\/#\/schema\/logo\/image\/","url":"https:\/\/goodfood.hr\/wp-content\/uploads\/2025\/06\/GoodFoof-logo.svg","contentUrl":"https:\/\/goodfood.hr\/wp-content\/uploads\/2025\/06\/GoodFoof-logo.svg","width":340,"height":340,"caption":"Good Food"},"image":{"@id":"https:\/\/goodfood.hr\/hr\/#\/schema\/logo\/image\/"}}]}},"_links":{"self":[{"href":"https:\/\/goodfood.hr\/hr\/wp-json\/wp\/v2\/product\/5624","targetHints":{"allow":["GET"]}}],"collection":[{"href":"https:\/\/goodfood.hr\/hr\/wp-json\/wp\/v2\/product"}],"about":[{"href":"https:\/\/goodfood.hr\/hr\/wp-json\/wp\/v2\/types\/product"}],"wp:featuredmedia":[{"embeddable":true,"href":"https:\/\/goodfood.hr\/hr\/wp-json\/wp\/v2\/media\/5433"}],"wp:attachment":[{"href":"https:\/\/goodfood.hr\/hr\/wp-json\/wp\/v2\/media?parent=5624"}],"wp:term":[{"taxonomy":"product_brand","embeddable":true,"href":"https:\/\/goodfood.hr\/hr\/wp-json\/wp\/v2\/product_brand?post=5624"},{"taxonomy":"product_cat","embeddable":true,"href":"https:\/\/goodfood.hr\/hr\/wp-json\/wp\/v2\/product_cat?post=5624"},{"taxonomy":"product_tag","embeddable":true,"href":"https:\/\/goodfood.hr\/hr\/wp-json\/wp\/v2\/product_tag?post=5624"}],"curies":[{"name":"wp","href":"https:\/\/api.w.org\/{rel}","templated":true}]}}